{"id":2684,"date":"2019-08-13T19:15:09","date_gmt":"2019-08-13T18:15:09","guid":{"rendered":"http:\/\/demo.makalu.me\/ultrakleka\/?page_id=2684"},"modified":"2021-10-21T08:02:49","modified_gmt":"2021-10-21T07:02:49","slug":"mediji","status":"publish","type":"page","link":"https:\/\/ultrakleka.com\/en\/mediji\/","title":{"rendered":"Media"},"content":{"rendered":"<div class=\"wpb-content-wrapper\"><div class=\"vc_row wpb_row vc_row-fluid\"><div class=\"wpb_column vc_column_container vc_col-sm-6\"><div class=\"vc_column-inner\"><div class=\"wpb_wrapper\">\n\t<div class=\"wpb_text_column wpb_content_element\" >\n\t\t<div class=\"wpb_wrapper\">\n\t\t\t<p><strong>\u00b7 Gostovanje RTS, najava trke<\/strong> &#8211; <a href=\"https:\/\/youtu.be\/6jhzfpiXyDg\" target=\"_blank\" rel=\"noopener\">https:\/\/youtu.be\/6jhzfpiXyDg<\/a><\/p>\n<p><strong>\u00b7 Gostovanje nakon trke, RTS<\/strong> &#8211; <a href=\"https:\/\/youtu.be\/FVBM-mNnIgM\" target=\"_blank\" rel=\"noopener\">https:\/\/youtu.be\/FVBM-mNnIgM<\/a><\/p>\n<p><strong>\u00b7 Telegraf<\/strong> &#8211; <a href=\"https:\/\/www.telegraf.rs\/sport\/trcanje\/3349185-najveca-trejl-trka-srbije-odrzana-na-staroj-planini\" target=\"_blank\" rel=\"noopener\">https:\/\/www.telegraf.rs\/sport\/trcanje\/3349185-najveca-trejl-trka-srbije-odrzana-na-staroj-planini<\/a><\/p>\n<p><strong>\u00b7 \u017durnal<\/strong> &#8211; <a href=\"http:\/\/www.zurnal.rs\/miks\/ostali-sportovi\/114017\/najveca-trejl-trka-srbije-odrzana-na-staroj-planini\" target=\"_blank\" rel=\"noopener\">http:\/\/www.zurnal.rs\/miks\/ostali-sportovi\/114017\/najveca-trejl-trka-srbije-odrzana-na-staroj-planini<\/a><\/p>\n<p><strong>\u00b7 Red bull sajt<\/strong> &#8211; <a href=\"https:\/\/www.redbull.com\/rs-sr\/ultra-trail-stara-planina-2021-skyrunning-serbia\" target=\"_blank\" rel=\"noopener\">https:\/\/www.redbull.com\/rs-sr\/ultra-trail-stara-planina-2021-skyrunning-serbia<\/a><\/p>\n<p><strong>\u00b7 Podcast Trka\u010dke pri\u010de<\/strong> &#8211; <a href=\"https:\/\/www.youtube.com\/watch?v=P-z_3MFEjPs\" target=\"_blank\" rel=\"noopener\">https:\/\/www.youtube.com\/watch?v=P-z_3MFEjPs<\/a><\/p>\n<p><strong>\u00b7 Dodelu nagrada su realizovali ambasadori Srbije i Bugarske, bugarska zvani\u010dna objava<\/strong> &#8211; <a href=\"https:\/\/far.rs\/bg\/2021\/06\/08\/poslanik-petko-doikov-pozdravi-uchastnicite-v-ezegodnoto-systezanie-po-planinsko-tichane-ultra-trail-stara-planina-2021\/\" target=\"_blank\" rel=\"noopener\">https:\/\/far.rs\/bg\/2021\/06\/08\/poslanik-petko-doikov-pozdravi-uchastnicite-v-ezegodnoto-systezanie-po-planinsko-tichane-ultra-trail-stara-planina-2021\/<\/a> i na\u0161a &#8211; <a href=\"http:\/\/www.sofia.mfa.gov.rs\/newstext.php?subaction=showfull&amp;id=1623232653&amp;ucat=19&amp;template=Headlines&amp;\" target=\"_blank\" rel=\"noopener\">http:\/\/www.sofia.mfa.gov.rs\/newstext.php?subaction=showfull&amp;id=1623232653&amp;ucat=19&amp;template=Headlines&amp;<\/a><\/p>\n<p>&nbsp;<\/p>\n<ul>\n<li><a href=\"http:\/\/www.skyrunning-serbia.com\/tacno-9-prva-tv\/\">Gostovanje u emisiji \u201eTa\u010dno u 9\u201c\u00a0TV PRVA<\/a><\/li>\n<li><a href=\"http:\/\/www.b92.net\/video\/bulevar.php?yyyy=2015&amp;amp;mm=06&amp;amp;dd=11&amp;amp;nav_id=1003064\">Emisija \u201eBulevar\u201c B92<\/a><\/li>\n<li><a href=\"https:\/\/www.youtube.com\/watch?v=hqYL45QGdg0\">Sportski pregled B92<\/a><\/li>\n<li><a href=\"http:\/\/www.b92.net\/sport\/pojedinacni\/extreme.php?yyyy=2015&amp;amp;mm=06&amp;amp;dd=09&amp;amp;nav_id=1002193\">B92 net<\/a><\/li>\n<li><a href=\"http:\/\/www.pressonline.rs\/sport\/ostali-sportovi\/357265\/odrzana-najteza-avanturisticka-brdska-trka-u-srbiji.html\">Press online<\/a><\/li>\n<li><a href=\"http:\/\/www.zurnal.rs\/miks\/ostali-sportovi\/19433\/kleka-il-nista-ultramaraton-na-staroj-planini-od-5-do-7-juna?lang=lat\">Sportski \u017durnal najava<\/a><\/li>\n<li><a href=\"http:\/\/www.zurnal.rs\/miks\/ostali-sportovi\/19783\/najteza-brdska-trka-u-srbiji-trijumf-duska-momica-tanja-stojanovski-odbranila-titulu-na-staroj-planini\">Sportski \u017durnal nakon trke <\/a>+ \u0161tampano izdanje<\/li>\n<li><a href=\"http:\/\/staraplanina-babinzub.info\/stara-planina-najteza-brdska-trka-u-srbiji\/\">http:\/\/www.pirotskevesti.rs\/gradska-hronika\/na-staroplaninskom-maratonu-takmicari-iz-11-zemalja\/<\/a><\/li>\n<li><a href=\"http:\/\/staraplanina-babinzub.info\/stara-planina-najteza-brdska-trka-u-srbiji\/\">http:\/\/www.tanjug.rs\/multimedia.aspx?izb=f&amp;amp;GalID=164713<\/a><\/li>\n<li><a href=\"http:\/\/staraplanina-babinzub.info\/stara-planina-najteza-brdska-trka-u-srbiji\/\">http:\/\/www.tvbest.rs\/162264-odrzana-brdska-trka-na-staroj-planini<\/a><\/li>\n<li><a href=\"http:\/\/staraplanina-babinzub.info\/stara-planina-najteza-brdska-trka-u-srbiji\/\">http:\/\/staraplanina-babinzub.info\/stara-planina-najteza-brdska-trka-u-srbiji\/<\/a><\/li>\n<li><a href=\"http:\/\/www.smedia.rs\/putovanja\/2609033\/b92-odrzana-najteza-avanturisticka-brdska-trka-u-srbiji.html\">http:\/\/www.smedia.rs\/putovanja\/2609033\/b92-odrzana-najteza-avanturisticka-brdska-trka-u-srbiji.html<\/a><\/li>\n<li><a href=\"http:\/\/www.trcanje.rs\/trka\/treca-ultra-trail-trka-na-staroj-planina\/\">http:\/\/www.trcanje.rs\/trka\/treca-ultra-trail-trka-na-staroj-planina\/<\/a><\/li>\n<li><a href=\"http:\/\/marathons.ahotu.com\/event\/ultra-trail-stara-planina#event\">http:\/\/marathons.ahotu.com\/event\/ultra-trail-stara-planina#event<\/a><\/li>\n<li><a href=\"http:\/\/serbianrunning.com\/ultra-trail-stara-planina-2015\/\">http:\/\/serbianrunning.com\/ultra-trail-stara-planina-2015\/<\/a><\/li>\n<\/ul>\n<p><strong>Vi\u0161e na sajtu:<\/strong><\/p>\n<ul>\n<li><a href=\"http:\/\/www.skyrunning-serbia.com\/mediji-o-nama\/\">http:\/\/www.skyrunning-serbia.com\/mediji-o-nama\/<\/a><\/li>\n<\/ul>\n<p><strong>Utisci takmi\u010dara iz Italije, trka\u010d i organizator sli\u010dnih doga\u0111aja u Italiji:<\/strong><\/p>\n<ul>\n<li><a href=\"http:\/\/www.sentierouno.it\/ultra-trail-stara-planina-2016\/\">http:\/\/www.sentierouno.it\/ultra-trail-stara-planina-2016\/<\/a><\/li>\n<\/ul>\n<p><strong>The most difficult trail in Serbia:<\/strong><\/p>\n<ul>\n<li><a href=\"http:\/\/tracedetrail.fr\/en\/trace\/trace\/16909\">http:\/\/tracedetrail.fr\/en\/trace\/trace\/16909<\/a><\/li>\n<\/ul>\n<p><strong>Vesti B92:<\/strong><\/p>\n<ul>\n<li><a href=\"https:\/\/www.facebook.com\/ultratrailstaraplanina\/videos\"><span style=\"font-weight: 400;\">https:\/\/www.facebook.com\/ultratrailstaraplanina\/videos<\/span><\/a><\/li>\n<\/ul>\n<p><strong>Jutarnji program RTS<\/strong><\/p>\n<ul>\n<li><a href=\"https:\/\/www.facebook.com\/ultratrailstaraplanina\/videos\">https:\/\/www.facebook.com\/ultratrailstaraplanina\/videos<\/a><\/li>\n<\/ul>\n<p><strong>Knja\u017eevac info:<\/strong><\/p>\n<ul>\n<li><a href=\"https:\/\/www.youtube.com\/watch?v=Bjsd7emiDDE\">https:\/\/www.youtube.com\/watch?v=Bjsd7emiDDE<\/a><\/li>\n<\/ul>\n\n\t\t<\/div>\n\t<\/div>\n<\/div><\/div><\/div><div class=\"wpb_column vc_column_container vc_col-sm-6\"><div class=\"vc_column-inner\"><div class=\"wpb_wrapper\">\n\t<div class=\"wpb_text_column wpb_content_element\" >\n\t\t<div class=\"wpb_wrapper\">\n\t\t\t<p><strong>Kurir:<\/strong><\/p>\n<ul>\n<li><a href=\"http:\/\/www.kurir.rs\/sport\/ostali-sportovi\/na-staroj-planini-odrzana-najteza-skajraning-planinska-trka-u-srbiji-clanak-2308691\">http:\/\/www.kurir.rs\/sport\/ostali-sportovi\/na-staroj-planini-odrzana-najteza-skajraning-planinska-trka-u-srbiji-clanak-2308691<\/a><\/li>\n<\/ul>\n<p><strong>Telegraf:<\/strong><\/p>\n<ul>\n<li><a href=\"http:\/\/www.telegraf.rs\/sport\/2180916-ultra-trail-stara-planina-2016-odrzano-cetvrto-izdanje-najteze-planinske-trke-u-srbiji\">http:\/\/www.telegraf.rs\/sport\/2180916-ultra-trail-stara-planina-2016-odrzano-cetvrto-izdanje-najteze-planinske-trke-u-srbiji<\/a><\/li>\n<\/ul>\n<p><strong>Ve\u010dernje novosti:<\/strong><\/p>\n<ul>\n<li><a href=\"http:\/\/www.novosti.rs\/vesti\/turizam.90.html:608815-Odrzano\u2013cetvrto-izdanje-najteze-planinske-trke-u-Srbiji\u2013Ultra-trail-Stara-planina\">http:\/\/www.novosti.rs\/vesti\/turizam.90.html:608815-Odrzano\u2013cetvrto-izdanje-najteze-planinske-trke-u-Srbiji\u2013Ultra-trail-Stara-planina<\/a><\/li>\n<\/ul>\n<p><strong>Ju\u017ene vesti:<\/strong><\/p>\n<ul>\n<li><a href=\"http:\/\/www.juznevesti.com\/Sport\/Najteza-planinska-trka-u-Srbiji-na-Staroj-planini- cetvrti-put.sr.html\">http:\/\/www.juznevesti.com\/Sport\/Najteza-planinska-trka-u-Srbiji-na-Staroj-planini- cetvrti-put.sr.html<\/a><\/li>\n<li><a href=\"http:\/\/www.prelistavanje.rs\/vest\/prikazi\/najteza-planinska-trka-u-srbiji-djordje-dukic-prvi-na-122-km-tanja-stojanovski-bez-premca-foto\/2034459\">http:\/\/www.prelistavanje.rs\/vest\/prikazi\/najteza-planinska-trka-u-srbiji-djordje-dukic-prvi-na-122-km-tanja-stojanovski-bez-premca-foto\/2034459<\/a><\/li>\n<li><a href=\"http:\/\/magazinsana.rs\/cetvrto-izdanje-najteze-planinske-trke-u-srbiji-na-staroj-planini\/\">http:\/\/magazinsana.rs\/cetvrto-izdanje-najteze-planinske-trke-u-srbiji-na-staroj-planini\/<\/a><\/li>\n<li><a href=\"http:\/\/mondo.rs\/a909411\/Sport\/Ostali-sportovi\/Planinsko-trcanje-Skyrunning-lige-Srbije.html\">http:\/\/mondo.rs\/a909411\/Sport\/Ostali-sportovi\/Planinsko-trcanje-Skyrunning-lige-Srbije.html<\/a><\/li>\n<li><a href=\"http:\/\/www.skijanje.com\/vesti\/ostalo\/1514\/cetvrto-izdanje-trke-ultra-trail-stara-planina.html\">http:\/\/www.skijanje.com\/vesti\/ostalo\/1514\/cetvrto-izdanje-trke-ultra-trail-stara-planina.html<\/a><\/li>\n<li><a href=\"http:\/\/www.025info.rs\/vesti\/sport_12\/tanja-stojanovski-pobednica-najteze-ultramaratonske-trke-u-srbiji_18980.html\">http:\/\/www.025info.rs\/vesti\/sport_12\/tanja-stojanovski-pobednica-najteze-ultramaratonske-trke-u-srbiji_18980.html<\/a><\/li>\n<li><a href=\"http:\/\/www.bktvnews.com\/na-staroj-planini-odrzana-najteza-skajraning-planinska-trka- u-srbiji\/32495\">http:\/\/www.bktvnews.com\/na-staroj-planini-odrzana-najteza-skajraning-planinska-trka-u-srbiji\/32495<\/a><\/li>\n<li><a href=\"http:\/\/www.srbijadanas.com\/clanak\/skajraning-stranci-trcali-po-staroj-planini-i-po-30-sati-foto-15-06-2016\">http:\/\/www.srbijadanas.com\/clanak\/skajraning-stranci-trcali-po-staroj-planini-i-po-30-sati-foto-15-06-2016<\/a><\/li>\n<li><a href=\"http:\/\/www.telegraf.rs\/sport\/2803540-najposecenije-peto-izdanje-trke-ultra-trail-stara-planina-foto-video\">http:\/\/www.telegraf.rs\/sport\/2803540-najposecenije-peto-izdanje-trke-ultra-trail-stara-planina-foto-video<\/a><\/li>\n<li><a href=\"http:\/\/www.kurir.rs\/sport\/ostali-sportovi\/2856852\/bavite-se-trcanjem-pogledajte-kako-izgleda-jedna-od-najtezih-planinskih-trka-u-srbiji\">http:\/\/www.kurir.rs\/sport\/ostali-sportovi\/2856852\/bavite-se-trcanjem-pogledajte-kako-izgleda-jedna-od-najtezih-planinskih-trka-u-srbiji<\/a><\/li>\n<li><a href=\"http:\/\/www.zurnal.rs\/miks\/ostali-sportovi\/48639\/rekord-na-staroj-planini-panic-vladar-staze-na-108-km-foto\">http:\/\/www.zurnal.rs\/miks\/ostali-sportovi\/48639\/rekord-na-staroj-planini-panic-vladar-staze-na-108-km-foto<\/a><\/li>\n<li><a href=\"http:\/\/www.blic.rs\/vesti\/srbija\/peta-po-redu-trka-ultra-trail-stara-planina-okupila-do-sada-najveci-broj-ucesnika\/861cbyh\">http:\/\/www.blic.rs\/vesti\/srbija\/peta-po-redu-trka-ultra-trail-stara-planina-okupila-do-sada-najveci-broj-ucesnika\/861cbyh<\/a><\/li>\n<li><a href=\"http:\/\/www.pirotskevesti.rs\/sport\/nebeski-trkaci-krotili-divljinu-stare-planine\/\">http:\/\/www.pirotskevesti.rs\/sport\/nebeski-trkaci-krotili-divljinu-stare-planine\/<\/a><\/li>\n<li><a href=\"https:\/\/www.youtube.com\/watch?v=BN2xHjsBnas&amp;feature=youtu.be\">https:\/\/www.youtube.com\/watch?v=BN2xHjsBnas&amp;amp;feature=youtu.be<\/a><\/li>\n<li><a href=\"http:\/\/www.skijanje.com\/blog\/ostalo\/1634\/peto-izdanje-trke-ultra-trail-stara-planina.html\">http:\/\/www.skijanje.com\/blog\/ostalo\/1634\/peto-izdanje-trke-ultra-trail-stara-planina.html<\/a><\/li>\n<li><a href=\"http:\/\/www.6yka.com\/novost\/124706\/banjalucki-ultramaratonci-osvoji-vrh-midzor-u-srbiji-ovo-je-njihov-dnevnik-trcanja-foto\">http:\/\/www.6yka.com\/novost\/124706\/banjalucki-ultramaratonci-osvoji-vrh-midzor-u-srbiji-ovo-je-njihov-dnevnik-trcanja-foto<\/a><\/li>\n<\/ul>\n\n\t\t<\/div>\n\t<\/div>\n<\/div><\/div><\/div><\/div>\n<\/div>","protected":false},"excerpt":{"rendered":"\u00b7 Gostovanje RTS, najava trke - https:\/\/youtu.be\/6jhzfpiXyDg \u00b7 Gostovanje nakon trke, RTS - https:\/\/youtu.be\/FVBM-mNnIgM \u00b7 Telegraf - https:\/\/www.telegraf.rs\/sport\/trcanje\/3349185-najveca-trejl-trka-srbije-odrzana-na-staroj-planini \u00b7 \u017durnal - http:\/\/www.zurnal.rs\/miks\/ostali-sportovi\/114017\/najveca-trejl-trka-srbije-odrzana-na-staroj-planini \u00b7 Red bull sajt - https:\/\/www.redbull.com\/rs-sr\/ultra-trail-stara-planina-2021-skyrunning-serbia \u00b7 Podcast [...]","protected":false},"author":6,"featured_media":0,"parent":0,"menu_order":3,"comment_status":"closed","ping_status":"closed","template":"","meta":{"footnotes":""},"class_list":["post-2684","page","type-page","status-publish","hentry"],"yoast_head":"<!-- This site is optimized with the Yoast SEO plugin v27.5 - https:\/\/yoast.com\/product\/yoast-seo-wordpress\/ -->\n<title>Mediji - Ultra trail Stara planina<\/title>\n<meta name=\"robots\" content=\"index, follow, max-snippet:-1, max-image-preview:large, max-video-preview:-1\" \/>\n<link rel=\"canonical\" href=\"https:\/\/ultrakleka.com\/en\/mediji\/\" \/>\n<meta property=\"og:locale\" content=\"en_US\" \/>\n<meta property=\"og:type\" content=\"article\" \/>\n<meta property=\"og:title\" content=\"Mediji - Ultra trail Stara planina\" \/>\n<meta property=\"og:url\" content=\"https:\/\/ultrakleka.com\/en\/mediji\/\" \/>\n<meta property=\"og:site_name\" content=\"Ultra trail Stara planina\" \/>\n<meta property=\"article:publisher\" content=\"https:\/\/www.facebook.com\/skyrunningserbia\/\" \/>\n<meta property=\"article:modified_time\" content=\"2021-10-21T07:02:49+00:00\" \/>\n<meta name=\"twitter:card\" content=\"summary_large_image\" \/>\n<meta name=\"twitter:site\" content=\"@skyrunningSRB\" \/>\n<meta name=\"twitter:label1\" content=\"Est. reading time\" \/>\n\t<meta name=\"twitter:data1\" content=\"1 minute\" \/>\n<script type=\"application\/ld+json\" class=\"yoast-schema-graph\">{\"@context\":\"https:\\\/\\\/schema.org\",\"@graph\":[{\"@type\":\"WebPage\",\"@id\":\"https:\\\/\\\/ultrakleka.com\\\/en\\\/mediji\\\/\",\"url\":\"https:\\\/\\\/ultrakleka.com\\\/en\\\/mediji\\\/\",\"name\":\"Mediji - Ultra trail Stara planina\",\"isPartOf\":{\"@id\":\"https:\\\/\\\/ultrakleka.com\\\/#website\"},\"datePublished\":\"2019-08-13T18:15:09+00:00\",\"dateModified\":\"2021-10-21T07:02:49+00:00\",\"breadcrumb\":{\"@id\":\"https:\\\/\\\/ultrakleka.com\\\/en\\\/mediji\\\/#breadcrumb\"},\"inLanguage\":\"en-US\",\"potentialAction\":[{\"@type\":\"ReadAction\",\"target\":[\"https:\\\/\\\/ultrakleka.com\\\/en\\\/mediji\\\/\"]}]},{\"@type\":\"BreadcrumbList\",\"@id\":\"https:\\\/\\\/ultrakleka.com\\\/en\\\/mediji\\\/#breadcrumb\",\"itemListElement\":[{\"@type\":\"ListItem\",\"position\":1,\"name\":\"Home\",\"item\":\"https:\\\/\\\/ultrakleka.com\\\/\"},{\"@type\":\"ListItem\",\"position\":2,\"name\":\"Mediji\"}]},{\"@type\":\"WebSite\",\"@id\":\"https:\\\/\\\/ultrakleka.com\\\/#website\",\"url\":\"https:\\\/\\\/ultrakleka.com\\\/\",\"name\":\"Ultra trail Stara planina\",\"description\":\"\",\"publisher\":{\"@id\":\"https:\\\/\\\/ultrakleka.com\\\/#organization\"},\"potentialAction\":[{\"@type\":\"SearchAction\",\"target\":{\"@type\":\"EntryPoint\",\"urlTemplate\":\"https:\\\/\\\/ultrakleka.com\\\/?s={search_term_string}\"},\"query-input\":{\"@type\":\"PropertyValueSpecification\",\"valueRequired\":true,\"valueName\":\"search_term_string\"}}],\"inLanguage\":\"en-US\"},{\"@type\":\"Organization\",\"@id\":\"https:\\\/\\\/ultrakleka.com\\\/#organization\",\"name\":\"Ultra trail Stara planina (UTSP) - Trka na najlep\u0161oj planini Balkana\",\"url\":\"https:\\\/\\\/ultrakleka.com\\\/\",\"logo\":{\"@type\":\"ImageObject\",\"inLanguage\":\"en-US\",\"@id\":\"https:\\\/\\\/ultrakleka.com\\\/#\\\/schema\\\/logo\\\/image\\\/\",\"url\":\"https:\\\/\\\/ultrakleka.com\\\/wp-content\\\/uploads\\\/2019\\\/08\\\/ultrakleka-fixed.png\",\"contentUrl\":\"https:\\\/\\\/ultrakleka.com\\\/wp-content\\\/uploads\\\/2019\\\/08\\\/ultrakleka-fixed.png\",\"width\":1024,\"height\":1024,\"caption\":\"Ultra trail Stara planina (UTSP) - Trka na najlep\u0161oj planini Balkana\"},\"image\":{\"@id\":\"https:\\\/\\\/ultrakleka.com\\\/#\\\/schema\\\/logo\\\/image\\\/\"},\"sameAs\":[\"https:\\\/\\\/www.facebook.com\\\/skyrunningserbia\\\/\",\"https:\\\/\\\/x.com\\\/skyrunningSRB\",\"https:\\\/\\\/www.instagram.com\\\/serbiaskyrunning\\\/\"]}]}<\/script>\n<!-- \/ Yoast SEO plugin. -->","yoast_head_json":{"title":"Mediji - Ultra trail Stara planina","robots":{"index":"index","follow":"follow","max-snippet":"max-snippet:-1","max-image-preview":"max-image-preview:large","max-video-preview":"max-video-preview:-1"},"canonical":"https:\/\/ultrakleka.com\/en\/mediji\/","og_locale":"en_US","og_type":"article","og_title":"Mediji - Ultra trail Stara planina","og_url":"https:\/\/ultrakleka.com\/en\/mediji\/","og_site_name":"Ultra trail Stara planina","article_publisher":"https:\/\/www.facebook.com\/skyrunningserbia\/","article_modified_time":"2021-10-21T07:02:49+00:00","twitter_card":"summary_large_image","twitter_site":"@skyrunningSRB","twitter_misc":{"Est. reading time":"1 minute"},"schema":{"@context":"https:\/\/schema.org","@graph":[{"@type":"WebPage","@id":"https:\/\/ultrakleka.com\/en\/mediji\/","url":"https:\/\/ultrakleka.com\/en\/mediji\/","name":"Mediji - Ultra trail Stara planina","isPartOf":{"@id":"https:\/\/ultrakleka.com\/#website"},"datePublished":"2019-08-13T18:15:09+00:00","dateModified":"2021-10-21T07:02:49+00:00","breadcrumb":{"@id":"https:\/\/ultrakleka.com\/en\/mediji\/#breadcrumb"},"inLanguage":"en-US","potentialAction":[{"@type":"ReadAction","target":["https:\/\/ultrakleka.com\/en\/mediji\/"]}]},{"@type":"BreadcrumbList","@id":"https:\/\/ultrakleka.com\/en\/mediji\/#breadcrumb","itemListElement":[{"@type":"ListItem","position":1,"name":"Home","item":"https:\/\/ultrakleka.com\/"},{"@type":"ListItem","position":2,"name":"Mediji"}]},{"@type":"WebSite","@id":"https:\/\/ultrakleka.com\/#website","url":"https:\/\/ultrakleka.com\/","name":"Ultra trail Stara planina","description":"","publisher":{"@id":"https:\/\/ultrakleka.com\/#organization"},"potentialAction":[{"@type":"SearchAction","target":{"@type":"EntryPoint","urlTemplate":"https:\/\/ultrakleka.com\/?s={search_term_string}"},"query-input":{"@type":"PropertyValueSpecification","valueRequired":true,"valueName":"search_term_string"}}],"inLanguage":"en-US"},{"@type":"Organization","@id":"https:\/\/ultrakleka.com\/#organization","name":"Ultra trail Stara planina (UTSP) - Trka na najlep\u0161oj planini Balkana","url":"https:\/\/ultrakleka.com\/","logo":{"@type":"ImageObject","inLanguage":"en-US","@id":"https:\/\/ultrakleka.com\/#\/schema\/logo\/image\/","url":"https:\/\/ultrakleka.com\/wp-content\/uploads\/2019\/08\/ultrakleka-fixed.png","contentUrl":"https:\/\/ultrakleka.com\/wp-content\/uploads\/2019\/08\/ultrakleka-fixed.png","width":1024,"height":1024,"caption":"Ultra trail Stara planina (UTSP) - Trka na najlep\u0161oj planini Balkana"},"image":{"@id":"https:\/\/ultrakleka.com\/#\/schema\/logo\/image\/"},"sameAs":["https:\/\/www.facebook.com\/skyrunningserbia\/","https:\/\/x.com\/skyrunningSRB","https:\/\/www.instagram.com\/serbiaskyrunning\/"]}]}},"_links":{"self":[{"href":"https:\/\/ultrakleka.com\/en\/wp-json\/wp\/v2\/pages\/2684","targetHints":{"allow":["GET"]}}],"collection":[{"href":"https:\/\/ultrakleka.com\/en\/wp-json\/wp\/v2\/pages"}],"about":[{"href":"https:\/\/ultrakleka.com\/en\/wp-json\/wp\/v2\/types\/page"}],"author":[{"embeddable":true,"href":"https:\/\/ultrakleka.com\/en\/wp-json\/wp\/v2\/users\/6"}],"replies":[{"embeddable":true,"href":"https:\/\/ultrakleka.com\/en\/wp-json\/wp\/v2\/comments?post=2684"}],"version-history":[{"count":11,"href":"https:\/\/ultrakleka.com\/en\/wp-json\/wp\/v2\/pages\/2684\/revisions"}],"predecessor-version":[{"id":2997,"href":"https:\/\/ultrakleka.com\/en\/wp-json\/wp\/v2\/pages\/2684\/revisions\/2997"}],"wp:attachment":[{"href":"https:\/\/ultrakleka.com\/en\/wp-json\/wp\/v2\/media?parent=2684"}],"curies":[{"name":"wp","href":"https:\/\/api.w.org\/{rel}","templated":true}]}}