{"id":2664,"date":"2019-08-13T11:16:59","date_gmt":"2019-08-13T10:16:59","guid":{"rendered":"http:\/\/demo.makalu.me\/ultrakleka\/?page_id=2664"},"modified":"2021-10-21T08:02:35","modified_gmt":"2021-10-21T07:02:35","slug":"smestaj","status":"publish","type":"page","link":"https:\/\/ultrakleka.com\/en\/smestaj\/","title":{"rendered":"Accommodation"},"content":{"rendered":"<div class=\"wpb-content-wrapper\"><div class=\"vc_row wpb_row vc_row-fluid\"><div class=\"wpb_column vc_column_container vc_col-sm-12\"><div class=\"vc_column-inner\"><div class=\"wpb_wrapper\">\n\t<div class=\"wpb_text_column wpb_content_element\" >\n\t\t<div class=\"wpb_wrapper\">\n\t\t\t<p>In addition to the standard accommodation that runners are used to (Mountain lodge \"SUM\" in Crni Vrh, for runners on the 108km race - <a href=\"http:\/\/www.staraplaninasum.com\/\">http:\/\/www.staraplaninasum.com<\/a> Hotel \"Stara Planina\" where the base of the race is<br \/>\n<a href=\"http:\/\/www.hotelstaraplanina.com\/\">http:\/\/www.hotelstaraplanina.com<\/a> and mountaineering house Babin zub <a href=\"https:\/\/www.facebook.com\/planinarskidombabinzub\/\">https:\/\/www.facebook.com\/planinarskidombabinzub<\/a>we recommend the following accommodation capacities:<\/p>\n<p><strong>Near the race office (Jabu\u010dko ravniste and Babin zub)<\/strong><\/p>\n<ul>\n<li>Ethno log cabin, 23 beds, Vladan Stojkovic +381.63.405.128<br \/>\n<a href=\"https:\/\/www.facebook.com\/Koliba-do-kraja-734970566585591\/\">https:\/\/www.facebook.com\/Koliba-do-kraja-734970566585591<\/a><\/li>\n<li>Villa M, 11 beds, Milos Nikoli\u0107 and Dragan Dinic +381.65.40.13.700<\/li>\n<li>Hotel Babin Zub - guest house, renovated hotel EPS - 60 beds, Milan Minic +381.64.811.41.21<br \/>\n<a href=\"https:\/\/www.booking.com\/hotel\/rs\/babin-zub.sr.html\">https:\/\/www.booking.com\/hotel\/rs\/babin-zub.sr.html<\/a><\/li>\n<\/ul>\n<p><strong>Village Crni vrh (10km away from the race office, the hotel \"Stara planina\"), near the start of the race for the 108km distance.<\/strong><\/p>\n<ul>\n<li>Villa Ika, 15 beds, Milovan Stojanovic +381.63.805.37.36 vilaika@ymail.com<\/li>\n<li>Staroplaninski apartments, 30 beds, Milan Stevanovic +381.65.235.23.05<br \/>\n<a href=\"http:\/\/www.staroplaninski.com\">www.staroplaninski.com<\/a><\/li>\n<li>Hajduk Veljko, 25 beds, Zvonko Mitrovic +381.63.10.67.167 +381.19.766.100<\/li>\n<li>Brvnara Cvetkovic, 17 beds, Sasa Cvetkovic +381.65.242.50.09 sataraplanina10@gmail.com<\/li>\n<li>Mountan lodge Zdrma + restaurant, 13 beds, +381.19.766.287 +381.60.610.11.13<br \/>\n<a href=\"https:\/\/www.facebook.com\/Zdrma\/\">https:\/\/www.facebook.com\/Zdrma<\/a><\/li>\n<li>Sun, 40 beds, Novica Raicevic +381.62.250.181 <a href=\"http:\/\/www.prenocistesunce.rs\">www.prenocistesunce.rs<\/a><\/li>\n<li>Villa Dukat, 25 beds, Dragana Dimitrijevic +381.63.411.021 <a href=\"http:\/\/www.villadukat.com\">www.villadukat.com<\/a><\/li>\n<li class=\"translation-block\">Villa Stajko, 20 beds, right next to the 108km start, Dejan Stajkovi\u0107 +381.63.418.130\nstajko@kladovonet.com<\/li>\n<li>Villa Aura, 17 beds, Zoran Milijic, +381.65.97.39.350<br \/>\n<a href=\"https:\/\/www.facebook.com\/aura.apartmani\/\">https:\/\/www.facebook.com\/aura.apartmani\/<\/a><\/li>\n<\/ul>\n<p class=\"translation-block\">In the hotel \"Stara Planina\", in the woods, across the start \/ finish line, it is allowed to set up tents. Keep\nin mind that the early June evenings can be very cold at this altitude (1.500mnv), so we recommend\nusing winter sleeping bags.<\/p>\n<p><strong>Important contacts:<\/strong><\/p>\n<ul>\n<li>Mountain rescue Service +381.63.466.461<\/li>\n<li>Towing service +381.63.405.128 +381.64.05.05.611<\/li>\n<li>Tourist Organization of Knjazevac +381.19.735.230<\/li>\n<li>Police station in Knjazevac +381.19.732.811<\/li>\n<\/ul>\n<p><strong>Car transportation in the local area<\/strong><\/p>\n<ul>\n<li>Cica Svetozarevic +381.66.50.800.97<\/li>\n<li>Rent a car Ni\u0161 <a href=\"http:\/\/www.rentacarnis.rs\">www.rentacarnis.rs<\/a> +381.63.77.56.741<\/li>\n<li>Bus station Knjazevac +381.19.733.027<\/li>\n<li>Airport Ni\u0161 http:\/\/nis-airport.com<\/li>\n<\/ul>\n<p>For more details visit the official web page of the race: <a href=\"https:\/\/ultrakleka.com\/en\/o-staroj-planini\/\">https:\/\/ultrakleka.com\/o-staroj-planini<\/a><\/p>\n<p>&nbsp;<\/p>\n<hr \/>\n<p>&nbsp;<\/p>\n<p>ENG<br \/>\nIn addition to the standard accommodation that runners are used to (Mountain lodge &#8222;SUM&#8220; in Crni Vrh, for runners on the 108 kilomer race &#8211; <a href=\"http:\/\/www.staraplaninasum.com\/\">http:\/\/www.staraplaninasum.com<\/a><br \/>\nHotel &#8222;Stara Planina&#8220; where the base of the race is &#8211; <a href=\"http:\/\/www.hotelstaraplanina.com\/\">http:\/\/www.hotelstaraplanina.com<\/a> and mountaineering house Babin zub<a href=\"https:\/\/www.facebook.com\/planinarskidombabinzub\/\"> https:\/\/www.facebook.com\/planinarskidombabinzub<\/a>) we recommend the following accommodation capacities:<\/p>\n<p><strong>Near the race office (Jabu\u010dko ravniste and Babin zub)<\/strong><\/p>\n<ul>\n<li>Ethno log cabin, 23 beds, Vladan Stojkovic +381.63.405.128 <a href=\"https:\/\/www.facebook.com\/Koliba-do-\">https:\/\/www.facebook.com\/Koliba-do-<\/a><br \/>\nkraja-734970566585591\/<\/li>\n<li>Villa M, 11 beds, Milos Nikoli\u0107 and Dragan Dinic +381.65.40.13.700<\/li>\n<li>Hotel Babin Zub &#8211; guest house, renovated hotel EPS &#8211; 60 beds, Milan Minic +381.64.811.41.21<br \/>\n<a href=\"https:\/\/www.booking.com\/hotel\/rs\/babin-zub.sr.html\">https:\/\/www.booking.com\/hotel\/rs\/babin-zub.sr.html<\/a><\/li>\n<\/ul>\n<p><strong>Village Crni vrh (10km away from the race office, the hotel &#8222;Stara planina&#8220;), near the start of the race for<\/strong><br \/>\n<strong>the 108km distance.<\/strong><\/p>\n<ul>\n<li>Villa Ika, 15 beds, Milovan Stojanovic +381.63.805.37.36 vilaika@ymail.com<\/li>\n<li>Staroplaninski apartments, 30 beds, Milan Stevanovic +381.65.235.23.05 <a href=\"http:\/\/www.staroplaninski.com\">www.staroplaninski.com<\/a><\/li>\n<li>Hajduk Veljko, 25 beds, Zvonko Mitrovic +381.63.10.67.167 +381.19.766.100<\/li>\n<li>Brvnara Cvetkovic, 17 beds, Sasa Cvetkovic +381.65.242.50.09 sataraplanina10@gmail.com<\/li>\n<li>Mountan lodge Zdrma + restaurant, 13 beds, +381.19.766.287 +381.60.610.11.13<br \/>\n<a href=\"https:\/\/www.facebook.com\/Zdrma\/\">https:\/\/www.facebook.com\/Zdrma<\/a><\/li>\n<li>Sun, 40 beds, Novica Raicevic +381.62.250.181 <a href=\"http:\/\/www.prenocistesunce.rs\">www.prenocistesunce.rs<\/a><\/li>\n<li>Villa Dukat, 25 beds, Dragana Dimitrijevic +381.63.411.021 <a href=\"http:\/\/www.villadukat.com\">www.villadukat.com<\/a><\/li>\n<li>Villa Stajko, 20 beds, right next to the 108km start, Dejan Stajkovi\u0107 +381.63.418.130<br \/>\nstajko@kladovonet.com<\/li>\n<li>Villa Aura, 17 beds, Zoran Milijic, +381.65.97.39.350 <a href=\"https:\/\/www.facebook.com\/aura.apartmani\/\">https:\/\/www.facebook.com\/aura.apartmani<\/a><\/li>\n<\/ul>\n<p><em>In the hotel &#8222;Stara Planina&#8220;, in the woods, across the start \/ finish line, it is allowed to set up tents. Keep<\/em><br \/>\n<em>in mind that the early June evenings can be very cold at this altitude (1.500mnv), so we recommend<\/em><br \/>\n<em>using winter sleeping bags.<\/em><\/p>\n<p><strong>Important contacts:<\/strong><\/p>\n<ul>\n<li>Mountain rescue Service +381.63.466.461<\/li>\n<li>Towing service +381.63.405.128 +381.64.05.05.611<\/li>\n<li>Tourist Organization of Knjazevac +381.19.735.230<\/li>\n<li>Police station in Knjazevac +381.19.732.811<\/li>\n<\/ul>\n<p><strong>Car transportation in the local area<\/strong><\/p>\n<p>Cica Svetozarevic +381.66.50.800.97<\/p>\n<ul>\n<li>Rent a car Nis <a href=\"http:\/\/www.rentacarnis.rs\">www.rentacarnis.rs<\/a> +381.63.77.56.741<\/li>\n<li>Bus station Knjazevac +381.19.733.027<\/li>\n<li>Airport Nis http:\/\/nis-airport.com<\/li>\n<\/ul>\n<p>&nbsp;<\/p>\n<p>For more details visit the official web page of the race:<br \/>\n<a href=\"https:\/\/ultrakleka.com\/en\/o-staroj-planini\/\">https:\/\/ultrakleka.com\/o-staroj-planini\/<\/a><\/p>\n\n\t\t<\/div>\n\t<\/div>\n<\/div><\/div><\/div><\/div>\n<\/div>","protected":false},"excerpt":{"rendered":"Pored standardnog sme\u0161taja koji trka\u010di koriste godinama (planinarski dom \u0160um u Crnom vrhu, za trka\u010de na 108km - http:\/\/www.staraplaninasum.com hotel \u201cStara planina\u201dgde je baza trke - http:\/\/www.hotelstaraplanina.com i planinarskog doma [...]","protected":false},"author":6,"featured_media":0,"parent":0,"menu_order":5,"comment_status":"closed","ping_status":"closed","template":"","meta":{"footnotes":""},"class_list":["post-2664","page","type-page","status-publish","hentry"],"yoast_head":"<!-- This site is optimized with the Yoast SEO plugin v27.4 - https:\/\/yoast.com\/product\/yoast-seo-wordpress\/ -->\n<title>Sme\u0161taj - Ultra trail Stara planina<\/title>\n<meta name=\"robots\" content=\"index, follow, max-snippet:-1, max-image-preview:large, max-video-preview:-1\" \/>\n<link rel=\"canonical\" href=\"https:\/\/ultrakleka.com\/en\/smestaj\/\" \/>\n<meta property=\"og:locale\" content=\"en_US\" \/>\n<meta property=\"og:type\" content=\"article\" \/>\n<meta property=\"og:title\" content=\"Sme\u0161taj - Ultra trail Stara planina\" \/>\n<meta property=\"og:url\" content=\"https:\/\/ultrakleka.com\/en\/smestaj\/\" \/>\n<meta property=\"og:site_name\" content=\"Ultra trail Stara planina\" \/>\n<meta property=\"article:publisher\" content=\"https:\/\/www.facebook.com\/skyrunningserbia\/\" \/>\n<meta property=\"article:modified_time\" content=\"2021-10-21T07:02:35+00:00\" \/>\n<meta name=\"twitter:card\" content=\"summary_large_image\" \/>\n<meta name=\"twitter:site\" content=\"@skyrunningSRB\" \/>\n<meta name=\"twitter:label1\" content=\"Est. reading time\" \/>\n\t<meta name=\"twitter:data1\" content=\"3 minutes\" \/>\n<script type=\"application\/ld+json\" class=\"yoast-schema-graph\">{\"@context\":\"https:\\\/\\\/schema.org\",\"@graph\":[{\"@type\":\"WebPage\",\"@id\":\"https:\\\/\\\/ultrakleka.com\\\/en\\\/smestaj\\\/\",\"url\":\"https:\\\/\\\/ultrakleka.com\\\/en\\\/smestaj\\\/\",\"name\":\"Sme\u0161taj - Ultra trail Stara planina\",\"isPartOf\":{\"@id\":\"https:\\\/\\\/ultrakleka.com\\\/#website\"},\"datePublished\":\"2019-08-13T10:16:59+00:00\",\"dateModified\":\"2021-10-21T07:02:35+00:00\",\"breadcrumb\":{\"@id\":\"https:\\\/\\\/ultrakleka.com\\\/en\\\/smestaj\\\/#breadcrumb\"},\"inLanguage\":\"en-US\",\"potentialAction\":[{\"@type\":\"ReadAction\",\"target\":[\"https:\\\/\\\/ultrakleka.com\\\/en\\\/smestaj\\\/\"]}]},{\"@type\":\"BreadcrumbList\",\"@id\":\"https:\\\/\\\/ultrakleka.com\\\/en\\\/smestaj\\\/#breadcrumb\",\"itemListElement\":[{\"@type\":\"ListItem\",\"position\":1,\"name\":\"Home\",\"item\":\"https:\\\/\\\/ultrakleka.com\\\/\"},{\"@type\":\"ListItem\",\"position\":2,\"name\":\"Sme\u0161taj\"}]},{\"@type\":\"WebSite\",\"@id\":\"https:\\\/\\\/ultrakleka.com\\\/#website\",\"url\":\"https:\\\/\\\/ultrakleka.com\\\/\",\"name\":\"Ultra trail Stara planina\",\"description\":\"\",\"publisher\":{\"@id\":\"https:\\\/\\\/ultrakleka.com\\\/#organization\"},\"potentialAction\":[{\"@type\":\"SearchAction\",\"target\":{\"@type\":\"EntryPoint\",\"urlTemplate\":\"https:\\\/\\\/ultrakleka.com\\\/?s={search_term_string}\"},\"query-input\":{\"@type\":\"PropertyValueSpecification\",\"valueRequired\":true,\"valueName\":\"search_term_string\"}}],\"inLanguage\":\"en-US\"},{\"@type\":\"Organization\",\"@id\":\"https:\\\/\\\/ultrakleka.com\\\/#organization\",\"name\":\"Ultra trail Stara planina (UTSP) - Trka na najlep\u0161oj planini Balkana\",\"url\":\"https:\\\/\\\/ultrakleka.com\\\/\",\"logo\":{\"@type\":\"ImageObject\",\"inLanguage\":\"en-US\",\"@id\":\"https:\\\/\\\/ultrakleka.com\\\/#\\\/schema\\\/logo\\\/image\\\/\",\"url\":\"https:\\\/\\\/ultrakleka.com\\\/wp-content\\\/uploads\\\/2019\\\/08\\\/ultrakleka-fixed.png\",\"contentUrl\":\"https:\\\/\\\/ultrakleka.com\\\/wp-content\\\/uploads\\\/2019\\\/08\\\/ultrakleka-fixed.png\",\"width\":1024,\"height\":1024,\"caption\":\"Ultra trail Stara planina (UTSP) - Trka na najlep\u0161oj planini Balkana\"},\"image\":{\"@id\":\"https:\\\/\\\/ultrakleka.com\\\/#\\\/schema\\\/logo\\\/image\\\/\"},\"sameAs\":[\"https:\\\/\\\/www.facebook.com\\\/skyrunningserbia\\\/\",\"https:\\\/\\\/x.com\\\/skyrunningSRB\",\"https:\\\/\\\/www.instagram.com\\\/serbiaskyrunning\\\/\"]}]}<\/script>\n<!-- \/ Yoast SEO plugin. -->","yoast_head_json":{"title":"Sme\u0161taj - Ultra trail Stara planina","robots":{"index":"index","follow":"follow","max-snippet":"max-snippet:-1","max-image-preview":"max-image-preview:large","max-video-preview":"max-video-preview:-1"},"canonical":"https:\/\/ultrakleka.com\/en\/smestaj\/","og_locale":"en_US","og_type":"article","og_title":"Sme\u0161taj - Ultra trail Stara planina","og_url":"https:\/\/ultrakleka.com\/en\/smestaj\/","og_site_name":"Ultra trail Stara planina","article_publisher":"https:\/\/www.facebook.com\/skyrunningserbia\/","article_modified_time":"2021-10-21T07:02:35+00:00","twitter_card":"summary_large_image","twitter_site":"@skyrunningSRB","twitter_misc":{"Est. reading time":"3 minutes"},"schema":{"@context":"https:\/\/schema.org","@graph":[{"@type":"WebPage","@id":"https:\/\/ultrakleka.com\/en\/smestaj\/","url":"https:\/\/ultrakleka.com\/en\/smestaj\/","name":"Sme\u0161taj - Ultra trail Stara planina","isPartOf":{"@id":"https:\/\/ultrakleka.com\/#website"},"datePublished":"2019-08-13T10:16:59+00:00","dateModified":"2021-10-21T07:02:35+00:00","breadcrumb":{"@id":"https:\/\/ultrakleka.com\/en\/smestaj\/#breadcrumb"},"inLanguage":"en-US","potentialAction":[{"@type":"ReadAction","target":["https:\/\/ultrakleka.com\/en\/smestaj\/"]}]},{"@type":"BreadcrumbList","@id":"https:\/\/ultrakleka.com\/en\/smestaj\/#breadcrumb","itemListElement":[{"@type":"ListItem","position":1,"name":"Home","item":"https:\/\/ultrakleka.com\/"},{"@type":"ListItem","position":2,"name":"Sme\u0161taj"}]},{"@type":"WebSite","@id":"https:\/\/ultrakleka.com\/#website","url":"https:\/\/ultrakleka.com\/","name":"Ultra trail Stara planina","description":"","publisher":{"@id":"https:\/\/ultrakleka.com\/#organization"},"potentialAction":[{"@type":"SearchAction","target":{"@type":"EntryPoint","urlTemplate":"https:\/\/ultrakleka.com\/?s={search_term_string}"},"query-input":{"@type":"PropertyValueSpecification","valueRequired":true,"valueName":"search_term_string"}}],"inLanguage":"en-US"},{"@type":"Organization","@id":"https:\/\/ultrakleka.com\/#organization","name":"Ultra trail Stara planina (UTSP) - Trka na najlep\u0161oj planini Balkana","url":"https:\/\/ultrakleka.com\/","logo":{"@type":"ImageObject","inLanguage":"en-US","@id":"https:\/\/ultrakleka.com\/#\/schema\/logo\/image\/","url":"https:\/\/ultrakleka.com\/wp-content\/uploads\/2019\/08\/ultrakleka-fixed.png","contentUrl":"https:\/\/ultrakleka.com\/wp-content\/uploads\/2019\/08\/ultrakleka-fixed.png","width":1024,"height":1024,"caption":"Ultra trail Stara planina (UTSP) - Trka na najlep\u0161oj planini Balkana"},"image":{"@id":"https:\/\/ultrakleka.com\/#\/schema\/logo\/image\/"},"sameAs":["https:\/\/www.facebook.com\/skyrunningserbia\/","https:\/\/x.com\/skyrunningSRB","https:\/\/www.instagram.com\/serbiaskyrunning\/"]}]}},"_links":{"self":[{"href":"https:\/\/ultrakleka.com\/en\/wp-json\/wp\/v2\/pages\/2664","targetHints":{"allow":["GET"]}}],"collection":[{"href":"https:\/\/ultrakleka.com\/en\/wp-json\/wp\/v2\/pages"}],"about":[{"href":"https:\/\/ultrakleka.com\/en\/wp-json\/wp\/v2\/types\/page"}],"author":[{"embeddable":true,"href":"https:\/\/ultrakleka.com\/en\/wp-json\/wp\/v2\/users\/6"}],"replies":[{"embeddable":true,"href":"https:\/\/ultrakleka.com\/en\/wp-json\/wp\/v2\/comments?post=2664"}],"version-history":[{"count":5,"href":"https:\/\/ultrakleka.com\/en\/wp-json\/wp\/v2\/pages\/2664\/revisions"}],"predecessor-version":[{"id":2822,"href":"https:\/\/ultrakleka.com\/en\/wp-json\/wp\/v2\/pages\/2664\/revisions\/2822"}],"wp:attachment":[{"href":"https:\/\/ultrakleka.com\/en\/wp-json\/wp\/v2\/media?parent=2664"}],"curies":[{"name":"wp","href":"https:\/\/api.w.org\/{rel}","templated":true}]}}