{"id":1043,"date":"2016-03-16T12:41:44","date_gmt":"2016-03-16T11:41:44","guid":{"rendered":"http:\/\/sunnyjar.dv.ancorathemes.com\/?page_id=1043"},"modified":"2025-04-23T13:02:18","modified_gmt":"2025-04-23T12:02:18","slug":"home","status":"publish","type":"page","link":"https:\/\/ultrakleka.com\/en\/","title":{"rendered":"Home"},"content":{"rendered":"<div class=\"wpb-content-wrapper\"><div class=\"vc_row wpb_row vc_row-fluid\"><div class=\"wpb_column vc_column_container vc_col-sm-12\"><div class=\"vc_column-inner\"><div class=\"wpb_wrapper\"><div id=\"sc_services_350041571_wrap\" class=\"sc_services_wrap\"><div id=\"sc_services_350041571\" class=\"sc_services sc_services_style_services-1 sc_services_type_icons\" style=\"width:100%;\"><div class=\"sc_columns columns_wrap\"><div class=\"column-1_4 column_padding_bottom\">\t\t\t<div id=\"sc_services_350041571_1\"\t\t\t\tclass=\"sc_services_item sc_services_item_1 odd first\"\n\t\t\t\t>\n\t\t\t\t<span class=\"sc_icon icon-book-open\"><\/span>\t\t\t\t<div class=\"sc_services_item_content\">\n\t\t\t\t\t<h4 class=\"sc_services_item_title\"><a href=\"https:\/\/ultrakleka.com\/en\/services\/vesti\/\">News<\/a><\/h4>\n\t\t\t\t\t<div class=\"sc_services_item_description\">\n\t\t\t\t\t\t<p>Latest news<\/p><a href=\"https:\/\/ultrakleka.com\/en\/services\/vesti\/\" class=\"sc_services_item_button icon-down\"><\/a>\t\t\t\t\t<\/div>\n\t\t\t\t<\/div>\n\t\t\t<\/div>\n\t\t<\/div><div class=\"column-1_4 column_padding_bottom\">\t\t\t<div id=\"sc_services_350041571_2\"\t\t\t\tclass=\"sc_services_item sc_services_item_2 even\"\n\t\t\t\t>\n\t\t\t\t<span class=\"sc_icon icon-book-open\"><\/span>\t\t\t\t<div class=\"sc_services_item_content\">\n\t\t\t\t\t<h4 class=\"sc_services_item_title\"><a href=\"https:\/\/ultrakleka.com\/en\/services\/o-staroj\/\">About Stara<\/a><\/h4>\n\t\t\t\t\t<div class=\"sc_services_item_description\">\n\t\t\t\t\t\t<p>Informations about \"Stara\"<\/p><a href=\"https:\/\/ultrakleka.com\/en\/services\/o-staroj\/\" class=\"sc_services_item_button icon-down\"><\/a>\t\t\t\t\t<\/div>\n\t\t\t\t<\/div>\n\t\t\t<\/div>\n\t\t<\/div><div class=\"column-1_4 column_padding_bottom\">\t\t\t<div id=\"sc_services_350041571_3\"\t\t\t\tclass=\"sc_services_item sc_services_item_3 odd\"\n\t\t\t\t>\n\t\t\t\t<span class=\"sc_icon icon-book-open\"><\/span>\t\t\t\t<div class=\"sc_services_item_content\">\n\t\t\t\t\t<h4 class=\"sc_services_item_title\"><a href=\"https:\/\/ultrakleka.com\/en\/services\/rezultati\/\">Results<\/a><\/h4>\n\t\t\t\t\t<div class=\"sc_services_item_description\">\n\t\t\t\t\t\t<p>Results from previous years<\/p><a href=\"https:\/\/ultrakleka.com\/en\/services\/rezultati\/\" class=\"sc_services_item_button icon-down\"><\/a>\t\t\t\t\t<\/div>\n\t\t\t\t<\/div>\n\t\t\t<\/div>\n\t\t<\/div><div class=\"column-1_4 column_padding_bottom\">\t\t\t<div id=\"sc_services_350041571_4\"\t\t\t\tclass=\"sc_services_item sc_services_item_4 even\"\n\t\t\t\t>\n\t\t\t\t<span class=\"sc_icon icon-book-open\"><\/span>\t\t\t\t<div class=\"sc_services_item_content\">\n\t\t\t\t\t<h4 class=\"sc_services_item_title\"><a href=\"https:\/\/ultrakleka.com\/en\/services\/linkovi\/\">Links<\/a><\/h4>\n\t\t\t\t\t<div class=\"sc_services_item_description\">\n\t\t\t\t\t\t<p>Useful links<\/p><a href=\"https:\/\/ultrakleka.com\/en\/services\/linkovi\/\" class=\"sc_services_item_button icon-down\"><\/a>\t\t\t\t\t<\/div>\n\t\t\t\t<\/div>\n\t\t\t<\/div>\n\t\t<\/div><\/div><\/div><!-- \/.sc_services --><\/div><!-- \/.sc_services_wrap --><\/div><\/div><\/div><\/div><div data-vc-full-width=\"true\" data-vc-full-width-temp=\"true\" data-vc-full-width-init=\"false\" class=\"vc_row wpb_row vc_row-fluid vc_custom_1463145258120 vc_row-has-fill\"><div class=\"wpb_column vc_column_container vc_col-sm-12\"><div class=\"vc_column-inner\"><div class=\"wpb_wrapper\"><div id=\"sc_services_678398475_wrap\" class=\"sc_services_wrap\"><div id=\"sc_services_678398475\" class=\"sc_services sc_services_style_services-5 sc_services_type_icons\" style=\"width:100%;\"><h6 class=\"sc_services_subtitle sc_item_subtitle\">Welcome<\/h6><h2 class=\"sc_services_title sc_item_title\">Run with us<\/h2><div class=\"sc_service_container sc_align_center\"><div class=\"sc_services_image\"><a href=\"#popup_video\" class=\"sc_popup_link\"><img decoding=\"async\" src=\"https:\/\/ultrakleka.com\/wp-content\/uploads\/2019\/08\/image_services_5.png\" alt=\"img\"><\/a><\/div><div class=\"sc_columns columns_wrap\"><div class=\"column-1_2 column_padding_bottom\">\t\t\t<div id=\"sc_services_678398475_1\"\t\t\t\tclass=\"sc_services_item sc_services_item_1 odd first\"\n\t\t\t\t>\n\n\t\t\t\t<div class=\"sc_services_item_content\">\n\t\t\t\t\t<h4 class=\"sc_services_item_title\"><a href=\"https:\/\/ultrakleka.com\/en\/services\/live-trail\/\">Live trail<\/a><\/h4>\n\t\t\t\t\t<div class=\"sc_services_item_description\">\n\t\t\t\t\t\t<p>UTMB live result system<\/p>\t\t\t\t\t<\/div>\n\t\t\t\t<\/div>\n\t\t\t<\/div>\n\t\t<\/div><div class=\"column-1_2 column_padding_bottom\">\t\t\t<div id=\"sc_services_678398475_2\"\t\t\t\tclass=\"sc_services_item sc_services_item_2 even\"\n\t\t\t\t>\n\n\t\t\t\t<div class=\"sc_services_item_content\">\n\t\t\t\t\t<h4 class=\"sc_services_item_title\"><a href=\"https:\/\/ultrakleka.com\/en\/services\/ian-corless\/\">Ian Corless<\/a><\/h4>\n\t\t\t\t\t<div class=\"sc_services_item_description\">\n\t\t\t\t\t\t<p>Race summary<\/p>\t\t\t\t\t<\/div>\n\t\t\t\t<\/div>\n\t\t\t<\/div>\n\t\t<\/div><div class=\"column-1_2 column_padding_bottom\">\t\t\t<div id=\"sc_services_678398475_3\"\t\t\t\tclass=\"sc_services_item sc_services_item_3 odd\"\n\t\t\t\t>\n\n\t\t\t\t<div class=\"sc_services_item_content\">\n\t\t\t\t\t<h4 class=\"sc_services_item_title\"><a href=\"https:\/\/ultrakleka.com\/en\/services\/ambasador-trke\/\">Race ambassador<\/a><\/h4>\n\t\t\t\t\t<div class=\"sc_services_item_description\">\n\t\t\t\t\t\t<p>Jovica Spaji\u0107<\/p>\t\t\t\t\t<\/div>\n\t\t\t\t<\/div>\n\t\t\t<\/div>\n\t\t<\/div><div class=\"column-1_2 column_padding_bottom\">\t\t\t<div id=\"sc_services_678398475_4\"\t\t\t\tclass=\"sc_services_item sc_services_item_4 even\"\n\t\t\t\t>\n\n\t\t\t\t<div class=\"sc_services_item_content\">\n\t\t\t\t\t<h4 class=\"sc_services_item_title\"><a href=\"https:\/\/ultrakleka.com\/en\/services\/utmb-expo\/\">UTMB Expo<\/a><\/h4>\n\t\t\t\t\t<div class=\"sc_services_item_description\">\n\t\t\t\t\t\t<p>Booth 126<\/p>\t\t\t\t\t<\/div>\n\t\t\t\t<\/div>\n\t\t\t<\/div>\n\t\t<\/div><\/div><\/div><div class=\"sc_services_button sc_item_button\"><a href=\"https:\/\/iancorless.org\/2019\/06\/02\/ultra-trail-stara-planina-2019-race-summary-serbia-skyrunning\/\" class=\"sc_button sc_button_round sc_button_style_filled sc_button_size_large\">About us<\/a><\/div><\/div><!-- \/.sc_services --><\/div><!-- \/.sc_services_wrap --><div id=\"popup_video\" class=\"sc_popup mfp-with-anim mfp-hide\"><video class=\"sc_video\" src=\"https:\/\/youtube.com\/embed\/p6ULnFJOxUA\" width=\"100%\" height=\"\" data-width=\"100%\" data-height=\"\" data-ratio=\"16:9\" poster=\"https:\/\/ultrakleka.com\/wp-content\/uploads\/2019\/08\/IMG_1215-Edit-370x209.jpg\" data-image=\"https:\/\/ultrakleka.com\/wp-content\/uploads\/2019\/08\/IMG_1215-Edit-370x209.jpg\" data-animation=\"animated fadeIn normal\" data-align=\"center\" data-bg-image=\"https:\/\/ultrakleka.com\/wp-content\/uploads\/2019\/08\/IMG_1215-Edit.jpg\" data-style=\"background-image: url(https:\/\/ultrakleka.com\/wp-content\/uploads\/2019\/08\/IMG_1215-Edit.jpg);\" style=\"width:100%;\" autoplay=\"autoplay\" controls=\"controls\" loop=\"loop\"><\/video><\/div><\/div><\/div><\/div><\/div><div class=\"vc_row-full-width vc_clearfix\"><\/div><div data-vc-full-width=\"true\" data-vc-full-width-temp=\"true\" data-vc-full-width-init=\"false\" data-vc-stretch-content=\"true\" class=\"vc_row wpb_row vc_row-fluid vc_custom_1463128442114 vc_row-has-fill vc_row-no-padding\"><div class=\"wpb_column vc_column_container vc_col-sm-12\"><div class=\"vc_column-inner\"><div class=\"wpb_wrapper\"><div class=\"sc_promo left sc_promo_size_large\"><div class=\"sc_promo_inner\"><div class=\"sc_promo_image\" style=\"background-image:url(https:\/\/ultrakleka.com\/wp-content\/uploads\/2019\/08\/IMG_1215-Edit.jpg);width:50%;left: 0;\"><\/div><div class=\"sc_promo_block sc_align_left\" style=\"width: 50%; float: right;\"><div class=\"sc_promo_block_inner  content_align\"><div class=\"sc_promo_content\"><blockquote class=\"sc_quote\"><p>Three time first place winner of Ultra Trail Stara Planina. Always in the top three spots in the absolute category as well. Top 10 in the past two years in UTMB race<\/p><div class=\"sc_quote_author\"><div class=\"sc_quote_photo\"><img loading=\"lazy\" decoding=\"async\" width=\"66\" height=\"66\" src=\"https:\/\/ultrakleka.com\/wp-content\/uploads\/2019\/08\/IMG_0995-Edit-150x150.jpg\" class=\"attachment-66x66 size-66x66\" alt=\"\" \/><\/div><div class=\"sc_quote_info\"><p class=\"sc_quote_title\">Maria Miteva Nikolova<\/p><p class=\"sc_quote_position\">Member<\/p><\/div><\/div><\/blockquote><\/div><\/div><\/div><\/div><\/div><\/div><\/div><\/div><\/div><div class=\"vc_row-full-width vc_clearfix\"><\/div><div class=\"vc_row wpb_row vc_row-fluid\"><div class=\"wpb_column vc_column_container vc_col-sm-12\"><div class=\"vc_column-inner\"><div class=\"wpb_wrapper\"><div id=\"sc_events_1055733738_wrap\" class=\"sc_events_wrap scheme_original\"><div id=\"sc_events_1055733738\" class=\"sc_events sc_events_style_events-3\" style=\"width:100%;\"><div class=\"sc_columns columns_wrap\"><\/div><\/div><!-- \/.sc_events --><\/div><!-- \/.sc_envents_wrap --><\/div><\/div><\/div><\/div><div data-vc-full-width=\"true\" data-vc-full-width-temp=\"true\" data-vc-full-width-init=\"false\" class=\"vc_row wpb_row vc_row-fluid vc_custom_1565777412711 vc_row-has-fill\"><div class=\"wpb_column vc_column_container vc_col-sm-12\"><div class=\"vc_column-inner\"><div class=\"wpb_wrapper\"><div class=\"sc_section sc_section_block margin_top_null margin_bottom_null aligncenter\" style=\"````\"><div class=\"sc_section_inner\"><h2 class=\"sc_section_title sc_item_title\">ULTRA KLEKA<\/h2><div class=\"sc_section_content_wrap\"><div id=\"sc_countdown_342126544\" class=\"sc_countdown sc_countdown_style_1 aligncenter\" style=\"````\" data-date=\"2025-6-14\" data-time=\"08:00:00\"><div class=\"sc_countdown_inner\"><div class=\"sc_countdown_item sc_countdown_days\"><span class=\"sc_countdown_digits\"><span><\/span><span><\/span><span><\/span><\/span><span class=\"sc_countdown_label\">Days<\/span><\/div><div class=\"sc_countdown_separator\">:<\/div><div class=\"sc_countdown_item sc_countdown_hours\"><span class=\"sc_countdown_digits\"><span><\/span><span><\/span><\/span><span class=\"sc_countdown_label\">Hours<\/span><\/div><div class=\"sc_countdown_separator\">:<\/div><div class=\"sc_countdown_item sc_countdown_minutes\"><span class=\"sc_countdown_digits\"><span><\/span><span><\/span><\/span><span class=\"sc_countdown_label\">Minutes<\/span><\/div><div class=\"sc_countdown_separator\">:<\/div><div class=\"sc_countdown_item sc_countdown_seconds\"><span class=\"sc_countdown_digits\"><span><\/span><span><\/span><\/span><span class=\"sc_countdown_label\">Seconds<\/span><\/div><div class=\"sc_countdown_placeholder hide\"><\/div><\/div><\/div><a href=\"https:\/\/trka.rs\/events\/593\/\" target=\"_blank\" class=\"sc_button sc_button_round sc_button_style_filled sc_button_size_large margin_top_medium\" style=\"````\">Join us<\/a><\/div><\/div><\/div><\/div><\/div><\/div><\/div><div class=\"vc_row-full-width vc_clearfix\"><\/div><div class=\"vc_row wpb_row vc_row-fluid vc_custom_1462539768977\"><div class=\"wpb_column vc_column_container vc_col-sm-6\"><div class=\"vc_column-inner\"><div class=\"wpb_wrapper\"><h4 class=\"sc_title sc_title_iconed sc_align_left\" style=\"text-align:left;\"><span class=\"sc_title_icon sc_title_icon_left  sc_title_icon_small icon-instagramm\"><\/span>Instagram posts<\/h4><\/div><\/div><\/div><div class=\"wpb_column vc_column_container vc_col-sm-6\"><div class=\"vc_column-inner\"><div class=\"wpb_wrapper\"><a href=\"https:\/\/www.instagram.com\/serbiaskyrunning\/\" target=\"_blank\" class=\"sc_button sc_button_round sc_button_style_filled sc_button_size_large alignright float_none\">Follow us<\/a><\/div><\/div><\/div><div class=\"wpb_column vc_column_container vc_col-sm-12\"><div class=\"vc_column-inner vc_custom_1462459862985\"><div class=\"wpb_wrapper\">\n\t<div class=\"wpb_text_column wpb_content_element\" >\n\t\t<div class=\"wpb_wrapper\">\n\t\t\t\t\t<div id=\"sbi_mod_error\" >\n\t\t\t<span>This error message is only visible to WordPress admins<\/span><br\/>\n\t\t\t<p><strong>Error: No feed found.<\/strong>\n\t\t\t<p>Please go to the Instagram Feed settings page to create a feed.<\/p>\n\t\t<\/div>\n\t\t\n\n\t\t<\/div>\n\t<\/div>\n<\/div><\/div><\/div><\/div>\n<\/div>","protected":false},"excerpt":{"rendered":"Booth 126","protected":false},"author":6,"featured_media":0,"parent":0,"menu_order":10,"comment_status":"closed","ping_status":"closed","template":"","meta":{"footnotes":""},"class_list":["post-1043","page","type-page","status-publish","hentry"],"yoast_head":"<!-- This site is optimized with the Yoast SEO plugin v27.4 - https:\/\/yoast.com\/product\/yoast-seo-wordpress\/ -->\n<title>Ultra trail Stara planina (UTSP) - Trka na najlep\u0161oj planini Balkana<\/title>\n<meta name=\"description\" content=\"Kleka, hm, nesta\u0161na biljka, brzo se \u0161iri, stvara nevolje onima koji bi da je pregaze...\" \/>\n<meta name=\"robots\" content=\"index, follow, max-snippet:-1, max-image-preview:large, max-video-preview:-1\" \/>\n<link rel=\"canonical\" href=\"https:\/\/ultrakleka.com\/en\/\" \/>\n<meta property=\"og:locale\" content=\"en_US\" \/>\n<meta property=\"og:type\" content=\"article\" \/>\n<meta property=\"og:title\" content=\"Ultra trail Stara planina (UTSP) - Trka na najlep\u0161oj planini Balkana\" \/>\n<meta property=\"og:description\" content=\"Kleka, hm, nesta\u0161na biljka, brzo se \u0161iri, stvara nevolje onima koji bi da je pregaze...\" \/>\n<meta property=\"og:url\" content=\"https:\/\/ultrakleka.com\/en\/\" \/>\n<meta property=\"og:site_name\" content=\"Ultra trail Stara planina\" \/>\n<meta property=\"article:publisher\" content=\"https:\/\/www.facebook.com\/skyrunningserbia\/\" \/>\n<meta property=\"article:modified_time\" content=\"2025-04-23T12:02:18+00:00\" \/>\n<meta property=\"og:image\" content=\"https:\/\/ultrakleka.com\/wp-content\/uploads\/2019\/08\/stara-1.jpg\" \/>\n\t<meta property=\"og:image:width\" content=\"1920\" \/>\n\t<meta property=\"og:image:height\" content=\"1080\" \/>\n\t<meta property=\"og:image:type\" content=\"image\/jpeg\" \/>\n<meta name=\"twitter:card\" content=\"summary_large_image\" \/>\n<meta name=\"twitter:image\" content=\"https:\/\/ultrakleka.com\/wp-content\/uploads\/2019\/08\/stara-1.jpg\" \/>\n<meta name=\"twitter:site\" content=\"@skyrunningSRB\" \/>\n<meta name=\"twitter:label1\" content=\"Est. reading time\" \/>\n\t<meta name=\"twitter:data1\" content=\"1 minute\" \/>\n<script type=\"application\/ld+json\" class=\"yoast-schema-graph\">{\"@context\":\"https:\\\/\\\/schema.org\",\"@graph\":[{\"@type\":\"WebPage\",\"@id\":\"https:\\\/\\\/ultrakleka.com\\\/\",\"url\":\"https:\\\/\\\/ultrakleka.com\\\/\",\"name\":\"Ultra trail Stara planina (UTSP) - Trka na najlep\u0161oj planini Balkana\",\"isPartOf\":{\"@id\":\"https:\\\/\\\/ultrakleka.com\\\/#website\"},\"datePublished\":\"2016-03-16T11:41:44+00:00\",\"dateModified\":\"2025-04-23T12:02:18+00:00\",\"description\":\"Kleka, hm, nesta\u0161na biljka, brzo se \u0161iri, stvara nevolje onima koji bi da je pregaze...\",\"breadcrumb\":{\"@id\":\"https:\\\/\\\/ultrakleka.com\\\/#breadcrumb\"},\"inLanguage\":\"en-US\",\"potentialAction\":[{\"@type\":\"ReadAction\",\"target\":[\"https:\\\/\\\/ultrakleka.com\\\/\"]}]},{\"@type\":\"BreadcrumbList\",\"@id\":\"https:\\\/\\\/ultrakleka.com\\\/#breadcrumb\",\"itemListElement\":[{\"@type\":\"ListItem\",\"position\":1,\"name\":\"Home\",\"item\":\"https:\\\/\\\/ultrakleka.com\\\/\"},{\"@type\":\"ListItem\",\"position\":2,\"name\":\"Po\u010detna\"}]},{\"@type\":\"WebSite\",\"@id\":\"https:\\\/\\\/ultrakleka.com\\\/#website\",\"url\":\"https:\\\/\\\/ultrakleka.com\\\/\",\"name\":\"Ultra trail Stara planina\",\"description\":\"\",\"publisher\":{\"@id\":\"https:\\\/\\\/ultrakleka.com\\\/#organization\"},\"potentialAction\":[{\"@type\":\"SearchAction\",\"target\":{\"@type\":\"EntryPoint\",\"urlTemplate\":\"https:\\\/\\\/ultrakleka.com\\\/?s={search_term_string}\"},\"query-input\":{\"@type\":\"PropertyValueSpecification\",\"valueRequired\":true,\"valueName\":\"search_term_string\"}}],\"inLanguage\":\"en-US\"},{\"@type\":\"Organization\",\"@id\":\"https:\\\/\\\/ultrakleka.com\\\/#organization\",\"name\":\"Ultra trail Stara planina (UTSP) - Trka na najlep\u0161oj planini Balkana\",\"url\":\"https:\\\/\\\/ultrakleka.com\\\/\",\"logo\":{\"@type\":\"ImageObject\",\"inLanguage\":\"en-US\",\"@id\":\"https:\\\/\\\/ultrakleka.com\\\/#\\\/schema\\\/logo\\\/image\\\/\",\"url\":\"https:\\\/\\\/ultrakleka.com\\\/wp-content\\\/uploads\\\/2019\\\/08\\\/ultrakleka-fixed.png\",\"contentUrl\":\"https:\\\/\\\/ultrakleka.com\\\/wp-content\\\/uploads\\\/2019\\\/08\\\/ultrakleka-fixed.png\",\"width\":1024,\"height\":1024,\"caption\":\"Ultra trail Stara planina (UTSP) - Trka na najlep\u0161oj planini Balkana\"},\"image\":{\"@id\":\"https:\\\/\\\/ultrakleka.com\\\/#\\\/schema\\\/logo\\\/image\\\/\"},\"sameAs\":[\"https:\\\/\\\/www.facebook.com\\\/skyrunningserbia\\\/\",\"https:\\\/\\\/x.com\\\/skyrunningSRB\",\"https:\\\/\\\/www.instagram.com\\\/serbiaskyrunning\\\/\"]}]}<\/script>\n<!-- \/ Yoast SEO plugin. -->","yoast_head_json":{"title":"Ultra trail Stara planina (UTSP) - Trka na najlep\u0161oj planini Balkana","description":"Kleka, hm, nesta\u0161na biljka, brzo se \u0161iri, stvara nevolje onima koji bi da je pregaze...","robots":{"index":"index","follow":"follow","max-snippet":"max-snippet:-1","max-image-preview":"max-image-preview:large","max-video-preview":"max-video-preview:-1"},"canonical":"https:\/\/ultrakleka.com\/en\/","og_locale":"en_US","og_type":"article","og_title":"Ultra trail Stara planina (UTSP) - Trka na najlep\u0161oj planini Balkana","og_description":"Kleka, hm, nesta\u0161na biljka, brzo se \u0161iri, stvara nevolje onima koji bi da je pregaze...","og_url":"https:\/\/ultrakleka.com\/en\/","og_site_name":"Ultra trail Stara planina","article_publisher":"https:\/\/www.facebook.com\/skyrunningserbia\/","article_modified_time":"2025-04-23T12:02:18+00:00","og_image":[{"width":1920,"height":1080,"url":"https:\/\/ultrakleka.com\/wp-content\/uploads\/2019\/08\/stara-1.jpg","type":"image\/jpeg"}],"twitter_card":"summary_large_image","twitter_image":"https:\/\/ultrakleka.com\/wp-content\/uploads\/2019\/08\/stara-1.jpg","twitter_site":"@skyrunningSRB","twitter_misc":{"Est. reading time":"1 minute"},"schema":{"@context":"https:\/\/schema.org","@graph":[{"@type":"WebPage","@id":"https:\/\/ultrakleka.com\/","url":"https:\/\/ultrakleka.com\/","name":"Ultra trail Stara planina (UTSP) - Trka na najlep\u0161oj planini Balkana","isPartOf":{"@id":"https:\/\/ultrakleka.com\/#website"},"datePublished":"2016-03-16T11:41:44+00:00","dateModified":"2025-04-23T12:02:18+00:00","description":"Kleka, hm, nesta\u0161na biljka, brzo se \u0161iri, stvara nevolje onima koji bi da je pregaze...","breadcrumb":{"@id":"https:\/\/ultrakleka.com\/#breadcrumb"},"inLanguage":"en-US","potentialAction":[{"@type":"ReadAction","target":["https:\/\/ultrakleka.com\/"]}]},{"@type":"BreadcrumbList","@id":"https:\/\/ultrakleka.com\/#breadcrumb","itemListElement":[{"@type":"ListItem","position":1,"name":"Home","item":"https:\/\/ultrakleka.com\/"},{"@type":"ListItem","position":2,"name":"Po\u010detna"}]},{"@type":"WebSite","@id":"https:\/\/ultrakleka.com\/#website","url":"https:\/\/ultrakleka.com\/","name":"Ultra trail Stara planina","description":"","publisher":{"@id":"https:\/\/ultrakleka.com\/#organization"},"potentialAction":[{"@type":"SearchAction","target":{"@type":"EntryPoint","urlTemplate":"https:\/\/ultrakleka.com\/?s={search_term_string}"},"query-input":{"@type":"PropertyValueSpecification","valueRequired":true,"valueName":"search_term_string"}}],"inLanguage":"en-US"},{"@type":"Organization","@id":"https:\/\/ultrakleka.com\/#organization","name":"Ultra trail Stara planina (UTSP) - Trka na najlep\u0161oj planini Balkana","url":"https:\/\/ultrakleka.com\/","logo":{"@type":"ImageObject","inLanguage":"en-US","@id":"https:\/\/ultrakleka.com\/#\/schema\/logo\/image\/","url":"https:\/\/ultrakleka.com\/wp-content\/uploads\/2019\/08\/ultrakleka-fixed.png","contentUrl":"https:\/\/ultrakleka.com\/wp-content\/uploads\/2019\/08\/ultrakleka-fixed.png","width":1024,"height":1024,"caption":"Ultra trail Stara planina (UTSP) - Trka na najlep\u0161oj planini Balkana"},"image":{"@id":"https:\/\/ultrakleka.com\/#\/schema\/logo\/image\/"},"sameAs":["https:\/\/www.facebook.com\/skyrunningserbia\/","https:\/\/x.com\/skyrunningSRB","https:\/\/www.instagram.com\/serbiaskyrunning\/"]}]}},"_links":{"self":[{"href":"https:\/\/ultrakleka.com\/en\/wp-json\/wp\/v2\/pages\/1043","targetHints":{"allow":["GET"]}}],"collection":[{"href":"https:\/\/ultrakleka.com\/en\/wp-json\/wp\/v2\/pages"}],"about":[{"href":"https:\/\/ultrakleka.com\/en\/wp-json\/wp\/v2\/types\/page"}],"author":[{"embeddable":true,"href":"https:\/\/ultrakleka.com\/en\/wp-json\/wp\/v2\/users\/6"}],"replies":[{"embeddable":true,"href":"https:\/\/ultrakleka.com\/en\/wp-json\/wp\/v2\/comments?post=1043"}],"version-history":[{"count":61,"href":"https:\/\/ultrakleka.com\/en\/wp-json\/wp\/v2\/pages\/1043\/revisions"}],"predecessor-version":[{"id":3724,"href":"https:\/\/ultrakleka.com\/en\/wp-json\/wp\/v2\/pages\/1043\/revisions\/3724"}],"wp:attachment":[{"href":"https:\/\/ultrakleka.com\/en\/wp-json\/wp\/v2\/media?parent=1043"}],"curies":[{"name":"wp","href":"https:\/\/api.w.org\/{rel}","templated":true}]}}